{"id":2,"date":"2016-06-15T00:31:11","date_gmt":"2016-06-14T21:31:11","guid":{"rendered":"https:\/\/www.gencgrafik.com\/?page_id=2"},"modified":"2021-03-12T15:35:57","modified_gmt":"2021-03-12T12:35:57","slug":"bilgisayar-teknik-servis","status":"publish","type":"page","link":"https:\/\/www.gencgrafik.com\/index.php\/bilgisayar-teknik-servis\/","title":{"rendered":"Bilgisayar Teknik Servis"},"content":{"rendered":"<section>\n<div class=\"container\">\n<div class=\"row\">\n<div class=\"col-md-12 \">\n<p>Bilgisayar\u0131n\u0131zda meydana gelebilecek yaz\u0131l\u0131msal ve donan\u0131msal sorunlar kar\u015f\u0131s\u0131nda tela\u015fa kap\u0131lmay\u0131n, \u00e7aresiz kalmay\u0131n. Siz de\u00a0<strong>bilgisayar teknik servis<\/strong>\u00a0konusunda g\u00fcvenli, h\u0131zl\u0131, kaliteli ve ekonomik hizmet veren bir bilgisayar bak\u0131m onar\u0131m firmas\u0131 ar\u0131yorsan\u0131z, do\u011fru adrestesiniz.<\/p>\n<div id=\"toc_container\" class=\"no_bullets\"><p class=\"toc_title\">Yaz\u0131 \u0130&ccedil;indekiler<\/p><ul class=\"toc_list\"><li><a href=\"#Bilgisayar_Tamiri\"><span class=\"toc_number toc_depth_1\">1<\/span> Bilgisayar Tamiri<\/a><\/li><li><a href=\"#Kecioren_Bilgisayar_Format\"><span class=\"toc_number toc_depth_1\">2<\/span> Ke\u00e7i\u00f6ren Bilgisayar Format<\/a><\/li><li><a href=\"#Kecioren_Bilgisayar_BakimOnarim\"><span class=\"toc_number toc_depth_1\">3<\/span> Ke\u00e7i\u00f6ren Bilgisayar Bak\u0131m\/Onar\u0131m<\/a><\/li><li><a href=\"#Teknik_Servis_Hizmeti_Verdigimiz_Bazi_Markalar\"><span class=\"toc_number toc_depth_1\">4<\/span> Teknik Servis Hizmeti Verdi\u011fimiz Baz\u0131 Markalar<\/a><\/li><\/ul><\/div>\n<h2><span id=\"Bilgisayar_Tamiri\"><strong>Bilgisayar Tamiri<\/strong><\/span><\/h2>\n<div id=\"attachment_670\" style=\"width: 310px\" class=\"wp-caption alignnone\"><img aria-describedby=\"caption-attachment-670\" loading=\"lazy\" class=\"size-medium wp-image-670\" src=\"https:\/\/www.gencgrafik.com\/wp-content\/uploads\/2021\/03\/kecioren-bilgisayar-tamir-300x201.jpg\" alt=\"\" width=\"300\" height=\"201\" srcset=\"https:\/\/www.gencgrafik.com\/wp-content\/uploads\/2021\/03\/kecioren-bilgisayar-tamir-300x201.jpg 300w, https:\/\/www.gencgrafik.com\/wp-content\/uploads\/2021\/03\/kecioren-bilgisayar-tamir.jpg 512w\" sizes=\"(max-width: 300px) 100vw, 300px\" \/><p id=\"caption-attachment-670\" class=\"wp-caption-text\">ke\u00e7i\u00f6ren bilgisayar tamir<\/p><\/div>\n<p>\u00c7ok para harcayarak sahip oldu\u011fumuz bilgisayarlar\u0131n, zaman\u0131 geldi\u011finde bak\u0131m\u0131n\u0131 yapt\u0131rmay\u0131p, format att\u0131rmad\u0131\u011f\u0131m\u0131z taktirde, \u00e7ok ciddi sorunlarla kar\u015f\u0131 kar\u015f\u0131ya kalabiliriz. Bunun \u00f6n\u00fcne ge\u00e7mek i\u00e7in de \u00f6ncelikle yaz\u0131l\u0131mlar d\u0131\u015f\u0131nda bilgisayar par\u00e7alar\u0131n\u0131n en b\u00fcy\u00fck \u00fc\u00e7 d\u00fc\u015fman\u0131n\u0131n oldu\u011funu bilmeliyiz. Bunlar elektrik voltaj d\u00fczensizli\u011fi, sars\u0131nt\u0131-darbe ve tozlanmalar. Bu \u00fc\u00e7 d\u00fc\u015fmandan birinin neden oldu\u011fu sorunla kar\u015f\u0131la\u015fman\u0131z halinde masa\u00fcst\u00fc, diz\u00fcst\u00fc, notebook veya laptop bilgisayar\u0131n\u0131z\u0131 derhal emin ellere teslim etmeniz gerekiyor. Peki bilgisayar\u0131n\u0131z\u0131n bak\u0131ma ihtiyac\u0131 oldu\u011funu nas\u0131l anlars\u0131n\u0131z. Bilgisayar fan\u0131 hi\u00e7 durmadan \u00e7al\u0131\u015fmaya ba\u015flad\u0131ysa, \u00a0bilgisayar d\u00fczensiz a\u00e7\u0131l\u0131p kapan\u0131yorsa ya da bilgisayar \u00e7ok yava\u015f \u00e7al\u0131\u015f\u0131yorsa, bak\u0131m zaman\u0131 gelmi\u015f demektir. \u00a0Ankara merkezli \u00a0Ke\u00e7i\u00f6ren&#8217;de Gen\u00e7 Bilgisayar olarak bilgisayar bak\u0131m ve format hizmeti ile m\u00fc\u015fterilerimize h\u0131zl\u0131, g\u00fcvenilir ve garantili i\u015f yap\u0131yoruz. Bilgisayarlar\u0131n bak\u0131m\u0131 kapsam\u0131nda; Masa\u00fcst\u00fc bilgisayarda kasa, kasa i\u00e7indeki di\u011fer par\u00e7alar s\u00f6k\u00fcl\u00fcyor, kasa i\u00e7indeki fanlar\u0131n tozlar\u0131 temizleniyor, ses yapan fan de\u011fi\u015ftiriliyor, anakarta ba\u011fl\u0131 elektronik kartlar s\u00f6k\u00fclerek soket u\u00e7lar\u0131 temizleniyor. Bilgisayar\u0131n\u0131z\u0131n teknik bak\u0131m\u0131 kadar yaz\u0131l\u0131msal bak\u0131m\u0131 da \u00f6zenle yap\u0131l\u0131yor. Yaz\u0131l\u0131m bak\u0131m s\u0131ras\u0131nda eksik olan sistem dosyalar\u0131, vir\u00fcs program\u0131 y\u00fckleniyor, vir\u00fcs taramas\u0131 yap\u0131l\u0131yor. Bilgisayar\u0131n\u0131za format at\u0131l\u0131rken de \u00f6ncelikle ba\u015flang\u0131\u00e7 disketi olu\u015fturuyor, b\u00fct\u00fcn bilgi ve datalar\u0131n\u0131z ge\u00e7ici bir diske y\u00fckleniyor. Format atma i\u015flemi bittikten sonra ise bilgi ve datalar\u0131n\u0131z\u0131 bilgisayar\u0131n\u0131za geri y\u00fckleniyor.<\/p>\n<h2><span id=\"Kecioren_Bilgisayar_Format\"><strong>Ke\u00e7i\u00f6ren Bilgisayar Format<\/strong><\/span><\/h2>\n<div id=\"attachment_672\" style=\"width: 310px\" class=\"wp-caption alignnone\"><img aria-describedby=\"caption-attachment-672\" loading=\"lazy\" class=\"size-medium wp-image-672\" src=\"https:\/\/www.gencgrafik.com\/wp-content\/uploads\/2021\/03\/kecioren-bilgisayar-format-300x225.jpg\" alt=\"ke\u00e7i\u00f6ren bilgisayar format\" width=\"300\" height=\"225\" srcset=\"https:\/\/www.gencgrafik.com\/wp-content\/uploads\/2021\/03\/kecioren-bilgisayar-format-300x225.jpg 300w, https:\/\/www.gencgrafik.com\/wp-content\/uploads\/2021\/03\/kecioren-bilgisayar-format-1024x768.jpg 1024w, https:\/\/www.gencgrafik.com\/wp-content\/uploads\/2021\/03\/kecioren-bilgisayar-format-768x576.jpg 768w, https:\/\/www.gencgrafik.com\/wp-content\/uploads\/2021\/03\/kecioren-bilgisayar-format-1536x1152.jpg 1536w, https:\/\/www.gencgrafik.com\/wp-content\/uploads\/2021\/03\/kecioren-bilgisayar-format-2048x1536.jpg 2048w\" sizes=\"(max-width: 300px) 100vw, 300px\" \/><p id=\"caption-attachment-672\" class=\"wp-caption-text\">ke\u00e7i\u00f6ren bilgisayar format<\/p><\/div>\n<p><strong>Masa\u00fcst\u00fc bilgisayar, laptop bilgisayar, diz\u00fcst\u00fc bilgisayar ya da notebook bilgisayar sahibiyseniz<\/strong>. Ve bilgisayar\u0131n\u0131z art\u0131k eskisi gibi verimli \u00e7al\u0131\u015fm\u0131yor, mavi ekranla donup kal\u0131yorsa. Bilgisayar\u0131n\u0131z a\u00e7\u0131lmayacak duruma geldiyse ve bilgisayar\u0131n t\u00fcm sistem dosyalar\u0131na zarar geldiyse art\u0131k <strong>format<\/strong> zaman\u0131 gelmi\u015f demektir. T\u0131pk\u0131 format atmak gibi bilgisayar\u0131n bak\u0131m\u0131 da teknik servislere yapt\u0131r\u0131lmal\u0131d\u0131r. Bilgisayara bak\u0131m yapt\u0131rmak demek diskinize bak\u0131m yapt\u0131rmak demektir. \u00c7\u00fcnk\u00fc windowstan ne kadar k\u0131r\u0131k dosya, i\u015fe yaramaz bilgi silerseniz disk o kadar rahatlar. Ankara \u2018da faaliyet g\u00f6steren Ke\u00e7i\u00f6ren&#8217;de Gen\u00e7 Bilgisayar\u00a0 olarak bilgisayar bak\u0131m ve format hizmetini \u00f6zenle veriyoruz. \u0130\u015fletim sistemi kurulumu ve g\u00fcncellenmesi, mevcut bilgi i\u015flem teknolojilerinin bak\u0131m, destek ve y\u00f6netim hizmetleri, donan\u0131m g\u00fcncellemesi, bilgilerin otomatik CD, DVD, USB ve hard disk gibi kaynaklara yedeklenmesi ayar\u0131, vir\u00fcs taramas\u0131 ve program g\u00fcncellemeleri, upgrade i\u015flemleri, network kurulumu, tan\u0131mlama ve kaynaklar\u0131n payla\u015f\u0131m\u0131 kurulumu ve deste\u011fi, Ke\u00e7i\u00f6ren Gen\u00e7\u00a0 Bilgisayar \u2018\u0131n bu alandaki hizmetlerinden sadece birka\u00e7\u0131. Y\u0131llard\u0131r birlikte \u00e7al\u0131\u015ft\u0131\u011f\u0131m\u0131z tecr\u00fcbeli ve uzman teknisyenlerimiz, isterseniz evinizde ve i\u015fyerinizde, dilerseniz modern <strong>ke\u00e7i\u00f6ren bilgisayar\u00a0 teknik servisimizde<\/strong>, bak\u0131m ve <strong>format<\/strong> konusunda ihtiya\u00e7 duyaca\u011f\u0131n\u0131z t\u00fcm hizmetleri size sunmaya haz\u0131r.<\/p>\n<h2><span id=\"Kecioren_Bilgisayar_BakimOnarim\"><strong>Ke\u00e7i\u00f6ren Bilgisayar Bak\u0131m\/Onar\u0131m<\/strong><\/span><\/h2>\n<div id=\"attachment_673\" style=\"width: 310px\" class=\"wp-caption alignnone\"><img aria-describedby=\"caption-attachment-673\" loading=\"lazy\" class=\"size-medium wp-image-673\" src=\"https:\/\/www.gencgrafik.com\/wp-content\/uploads\/2021\/03\/kecioren-bilgisayar-onarim-teknik-servis-300x200.jpg\" alt=\"\" width=\"300\" height=\"200\" srcset=\"https:\/\/www.gencgrafik.com\/wp-content\/uploads\/2021\/03\/kecioren-bilgisayar-onarim-teknik-servis-300x200.jpg 300w, https:\/\/www.gencgrafik.com\/wp-content\/uploads\/2021\/03\/kecioren-bilgisayar-onarim-teknik-servis-768x512.jpg 768w, https:\/\/www.gencgrafik.com\/wp-content\/uploads\/2021\/03\/kecioren-bilgisayar-onarim-teknik-servis.jpg 1000w\" sizes=\"(max-width: 300px) 100vw, 300px\" \/><p id=\"caption-attachment-673\" class=\"wp-caption-text\">ke\u00e7i\u00f6ren bilgisayar onar\u0131m teknik servis<\/p><\/div>\n<p><strong>Bilgisayar Bak\u0131m Onar\u0131m<\/strong> i\u00e7in Yerinde <strong>Teknik servisimiz<\/strong> vard\u0131r. <strong>Teknik servisteki<\/strong> uzman teknisyenlerimiz sizlere \u00e7\u00f6z\u00fcm\u00fc k\u0131sa s\u00fcrede sunacaklard\u0131r. Kullan\u0131c\u0131 taraf\u0131ndan istenilen b\u00fct\u00fcn programlar lisansl\u0131 tederik edilip \u00fccretsiz kurulur. \u0130\u015fletim sistemleri, Office, Autocad, photoshop, Vir\u00fcs programlar\u0131 vb. bilercesi\u2026 Bilgisayar teknik servisi ve dan\u0131\u015fmanl\u0131k hizmetleri Firmam\u0131z hem \u015firketler hem de ev kullan\u0131c\u0131lar\u0131na y\u00f6nelik <strong>bilgisayar ve notebook teknik servis<\/strong> hizmeti vermektedir. Teknik servis hizmetlerimiz, bilgisayar\u0131n\u0131zda olu\u015fan donan\u0131msal (<strong>Anakart, ekran kart\u0131, monit\u00f6r, harddiskin bozulmas\u0131 vb<\/strong>) yada yaz\u0131l\u0131msal (i\u015fletim sisteminin \u00e7\u00f6kmesi-bozulmas\u0131, vir\u00fcs bula\u015fmas\u0131, sisteminizin karars\u0131z \u00e7al\u0131\u015fmas\u0131 vb) \u00a0gibi sorunlar\u0131n <strong>teknik servis<\/strong> ekibimiz taraf\u0131ndan yerinizde yada <strong>KE\u00c7\u0130\u00d6REN GEN\u00c7 B\u0130LG\u0130SAYAR\u00a0<\/strong> <strong>teknik servisinde<\/strong> en k\u0131sa s\u00fcrede yap\u0131lmaktad\u0131r. Bilgisayarlar\u0131n\u0131z\u0131n <strong>Formatlanma<\/strong> i\u015flemi; s\u00fcr\u00fcc\u00fclerinin y\u00fcklenmesi ve yeniden g\u00fcncellenmesi, donan\u0131msal sorunlar\u0131n ortadan kald\u0131r\u0131lmas\u0131. Bilgisayar\u0131n\u0131z\u0131n yeni al\u0131nan cihazlar\u0131 tan\u0131t\u0131lmas\u0131,<strong> yaz\u0131c\u0131 taray\u0131c\u0131 gibi yeni programlar\u0131n kurulmas\u0131<\/strong> gibi <strong>teknik<\/strong> t\u00fcm i\u015fleriniz itina ile yap\u0131l\u0131r.<\/p>\n<\/div>\n<\/div>\n<\/div>\n<\/section>\n<section>\n<div class=\"container\">\n<div class=\"row\">\n<div class=\"col-md-12\">\n<div class=\"owl-carousel owl-theme owl-loaded\">\n<div class=\"owl-stage-outer\">\n<div class=\"owl-stage\">\n<div class=\"owl-item active\">\n<h2 class=\"item\"><span id=\"Teknik_Servis_Hizmeti_Verdigimiz_Bazi_Markalar\">Teknik Servis Hizmeti Verdi\u011fimiz Baz\u0131 Markalar<\/span><\/h2>\n<ul class=\"i8Z77e\">\n<li class=\"TrT0Xe\"><strong>Acer\u00a0 Bilgisayar Teknik Servis<\/strong><\/li>\n<li class=\"TrT0Xe\"><strong>Apple Bilgisayar Teknik Servis<\/strong><\/li>\n<li class=\"TrT0Xe\"><strong>Asus Bilgisayar Teknik Servis<\/strong><\/li>\n<li class=\"TrT0Xe\"><strong>Exper Bilgisayar Teknik Servis<\/strong><\/li>\n<li class=\"TrT0Xe\"><strong>HP Bilgisayar Teknik Servis<\/strong><\/li>\n<li class=\"TrT0Xe\"><strong>Lenovo Bilgisayar Teknik Servis<\/strong><\/li>\n<li class=\"TrT0Xe\"><strong>MSI Bilgisayar Teknik Servis<\/strong><\/li>\n<li><strong>Casper Bilgisayar Teknik Servis<\/strong><\/li>\n<li><strong>Aidata Bilgisayar Teknik Servis<\/strong><\/li>\n<li><strong>Lg Bilgisayar Teknik Servis<\/strong><\/li>\n<li><strong>Samsung Bilgisayar Teknik Servis<\/strong><\/li>\n<li><strong>Exper Bilgisayar Teknik Servis<\/strong><\/li>\n<li><strong>Vestel Bilgisayar Teknik Servis<\/strong><\/li>\n<\/ul>\n<\/div>\n<div class=\"owl-item active\">\n<div class=\"item\"><\/div>\n<\/div>\n<div class=\"owl-item active\">\n<div class=\"item\"><\/div>\n<\/div>\n<div class=\"owl-item active\">\n<div class=\"item\"><\/div>\n<\/div>\n<div class=\"owl-item active\">\n<div class=\"item\"><\/div>\n<\/div>\n<div class=\"owl-item active\">\n<div class=\"item\"><\/div>\n<\/div>\n<div class=\"owl-item active\">\n<div class=\"item\"><\/div>\n<\/div>\n<div class=\"owl-item active\">\n<div class=\"item\"><\/div>\n<\/div>\n<div class=\"owl-item\">\n<div class=\"item\"><\/div>\n<\/div>\n<div class=\"owl-item\">\n<div class=\"item\"><\/div>\n<\/div>\n<div class=\"owl-item\">\n<div class=\"item\"><\/div>\n<\/div>\n<div class=\"owl-item\">\n<div class=\"item\"><\/div>\n<\/div>\n<div class=\"owl-item cloned\">\n<div class=\"item\"><\/div>\n<\/div>\n<div class=\"owl-item cloned\">\n<div class=\"item\"><\/div>\n<\/div>\n<div class=\"owl-item cloned\">\n<div class=\"item\"><\/div>\n<\/div>\n<div class=\"owl-item cloned\">\n<div class=\"item\"><\/div>\n<\/div>\n<div class=\"owl-item cloned\">\n<div class=\"item\"><\/div>\n<\/div>\n<div class=\"owl-item cloned\">\n<div class=\"item\"><\/div>\n<\/div>\n<div class=\"owl-item cloned\">\n<div class=\"item\"><\/div>\n<\/div>\n<div class=\"owl-item cloned\">\n<div class=\"item\"><\/div>\n<\/div>\n<div class=\"owl-item cloned\">\n<div class=\"item\"><\/div>\n<\/div>\n<div class=\"owl-item cloned\">\n<div class=\"item\"><\/div>\n<\/div>\n<\/div>\n<\/div>\n<div class=\"owl-controls\">\n<div class=\"owl-nav\"><\/div>\n<\/div>\n<\/div>\n<\/div>\n<\/div>\n<\/div>\n<\/section>\n<footer id=\"footer\">\n<div class=\"container\">\n<div class=\"footer-top clearfix\">\n<div class=\"row\">\n<div class=\"col-md-3 col-sm-3\"><\/div>\n<\/div>\n<\/div>\n<\/div>\n<\/footer>\n","protected":false},"excerpt":{"rendered":"<p>Bilgisayar\u0131n\u0131zda meydana gelebilecek yaz\u0131l\u0131msal ve donan\u0131msal sorunlar kar\u015f\u0131s\u0131nda tela\u015fa kap\u0131lmay\u0131n, \u00e7aresiz kalmay\u0131n. Siz de\u00a0bilgisayar teknik servis\u00a0konusunda g\u00fcvenli, h\u0131zl\u0131, kaliteli ve ekonomik hizmet veren bir bilgisayar bak\u0131m onar\u0131m firmas\u0131 ar\u0131yorsan\u0131z, do\u011fru adrestesiniz. Yaz\u0131 \u0130&ccedil;indekiler1 Bilgisayar Tamiri2 Ke\u00e7i\u00f6ren Bilgisayar Format3 Ke\u00e7i\u00f6ren Bilgisayar Bak\u0131m\/Onar\u0131m4 Teknik Servis Hizmeti Verdi\u011fimiz Baz\u0131 Markalar Bilgisayar Tamiri \u00c7ok para harcayarak sahip oldu\u011fumuz bilgisayarlar\u0131n, [&hellip;]<\/p>\n","protected":false},"author":1,"featured_media":0,"parent":0,"menu_order":0,"comment_status":"closed","ping_status":"open","template":"","meta":[],"_links":{"self":[{"href":"https:\/\/www.gencgrafik.com\/index.php\/wp-json\/wp\/v2\/pages\/2"}],"collection":[{"href":"https:\/\/www.gencgrafik.com\/index.php\/wp-json\/wp\/v2\/pages"}],"about":[{"href":"https:\/\/www.gencgrafik.com\/index.php\/wp-json\/wp\/v2\/types\/page"}],"author":[{"embeddable":true,"href":"https:\/\/www.gencgrafik.com\/index.php\/wp-json\/wp\/v2\/users\/1"}],"replies":[{"embeddable":true,"href":"https:\/\/www.gencgrafik.com\/index.php\/wp-json\/wp\/v2\/comments?post=2"}],"version-history":[{"count":9,"href":"https:\/\/www.gencgrafik.com\/index.php\/wp-json\/wp\/v2\/pages\/2\/revisions"}],"predecessor-version":[{"id":674,"href":"https:\/\/www.gencgrafik.com\/index.php\/wp-json\/wp\/v2\/pages\/2\/revisions\/674"}],"wp:attachment":[{"href":"https:\/\/www.gencgrafik.com\/index.php\/wp-json\/wp\/v2\/media?parent=2"}],"curies":[{"name":"wp","href":"https:\/\/api.w.org\/{rel}","templated":true}]}}