{"id":656,"date":"2021-03-12T12:15:25","date_gmt":"2021-03-12T09:15:25","guid":{"rendered":"https:\/\/www.gencgrafik.com\/?page_id=656"},"modified":"2021-03-12T12:15:25","modified_gmt":"2021-03-12T09:15:25","slug":"kecioren-bilgisayar-teknik-servis","status":"publish","type":"page","link":"https:\/\/www.gencgrafik.com\/index.php\/kecioren-bilgisayar-teknik-servis\/","title":{"rendered":"Ke\u00e7i\u00f6ren Bilgisayar Teknik Servis"},"content":{"rendered":"\n<p><strong>Bilgisayar\u0131n\u0131zda Problem<\/strong> ya\u015f\u0131yorsan\u0131z ve sorunlar\u0131n\u0131z\u0131 h\u0131zl\u0131ca \u00e7\u00f6zebilece\u011finiz bir teknik servis ar\u0131yorsan\u0131z. <strong>Ke\u00e7i\u00f6ren <\/strong>de bulunan <strong>bilgisayar teknik servisi<\/strong>miz sorunlar\u0131n\u0131z\u0131n \u00e7\u00f6z\u00fcm noktas\u0131 olmaya haz\u0131r.<br><\/p>\n\n\n\n<h2>Ke\u00e7i\u00f6ren Bilgisayar Tamiri<\/h2>\n\n\n\n<figure class=\"wp-block-image size-large\"><img loading=\"lazy\" width=\"512\" height=\"355\" src=\"https:\/\/www.gencgrafik.com\/wp-content\/uploads\/2021\/03\/Kecioren-Bilgisayar-Tamiri.jpg\" alt=\"\" class=\"wp-image-657\" srcset=\"https:\/\/www.gencgrafik.com\/wp-content\/uploads\/2021\/03\/Kecioren-Bilgisayar-Tamiri.jpg 512w, https:\/\/www.gencgrafik.com\/wp-content\/uploads\/2021\/03\/Kecioren-Bilgisayar-Tamiri-300x208.jpg 300w\" sizes=\"(max-width: 512px) 100vw, 512px\" \/><figcaption>Ke\u00e7i\u00f6ren Bilgisayar Tamiri<\/figcaption><\/figure>\n\n\n\n<p>Gen\u00e7 Bilgisayar olarak 2005 y\u0131l\u0131ndan beri Ankara da <strong>Ke\u00e7i\u00f6ren bilgisayar tamiricisi <\/strong>arayan m\u00fc\u015fterilerizin <strong>teknik servis<\/strong> ihtiya\u00e7lar\u0131n\u0131 kar\u015f\u0131lamaktay\u0131z. Her t\u00fcrl\u00fc marka ba\u011f\u0131ms\u0131z olarak <strong>Ke\u00e7i\u00f6ren<\/strong>de ;<br><strong>Bilgisayar Format<\/strong> , <strong>Bilgisayar Upgrade<\/strong>, <strong>Sarf malzeme sat\u0131\u015f\u0131,<\/strong><br><strong>Bilgisayar Anakart Onar\u0131m\u0131<\/strong>, <strong>Led ve Lcd ekran monit\u00f6r onar\u0131mlar\u0131<\/strong>,<br><strong>Network Kurulumu<\/strong>, ve <strong>Veri Kurtarma<\/strong> (silinen dosyalar\u0131n\u0131z\u0131 kurtarma) i\u015flemlerinizde G\u00fc\u00e7l\u00fckaya mah. \u015eair Dertli Sok. No: 9\/B <strong>Ke\u00e7i\u00f6ren ANKARA<\/strong><br>adresinde siz de\u011ferli m\u00fc\u015fterilerimize <strong>bilgisayar teknik servisi <\/strong>hizmeti vermekteyiz.<\/p>\n\n\n\n<h2><strong>Bilgisayar S\u0131k Kar\u015f\u0131la\u015f\u0131lan Sorunlar <\/strong><\/h2>\n\n\n\n<ol><li><strong>Bilgisayar\u0131m A\u00e7\u0131lm\u0131yor<\/strong><\/li><li><strong>Bilgisayar\u0131ma Vir\u00fcs Bula\u015ft\u0131<\/strong><\/li><li><strong>Ekran \u00e7izgi \u00e7izgi oluyor.<\/strong><\/li><li><strong>Fanlar\u0131m sesli \u00e7al\u0131\u015f\u0131yor.<\/strong><\/li><li><strong>Bilgisayar\u0131m Elektrik Alm\u0131yor.<\/strong><\/li><li><strong>DVD s\u00fcr\u00fcc\u00fcm okumuyor.<\/strong><\/li><li><strong>Bilgisayar\u0131m siyah ekranda kal\u0131yor.<\/strong><\/li><li><strong>Windows mavi ekran hatas\u0131 veriyor.<\/strong><\/li><li><strong>Bilgisayar\u0131ma format at\u0131lam\u0131yor.<\/strong><\/li><li><strong>Hard disk okuma hatas\u0131 veriyor.<\/strong><\/li><li><strong>Ses kart\u0131m \u00e7al\u0131\u015fm\u0131yor.<\/strong><\/li><li><strong>Usb S\u00fcr\u00fcc\u00fclerim \u00e7al\u0131\u015fm\u0131yor.<\/strong><\/li><li><strong>Bilgisayar\u0131m hata sinyali veriyor.<\/strong><\/li><li><strong>Ekranda No signal yaz\u0131yor.<\/strong><\/li><li><strong>Bilgisayar ramlerimi g\u00f6rm\u00fcyor.<\/strong><\/li><li><strong>Bios g\u00fcncelleme yapam\u0131yorum.<\/strong><\/li><\/ol>\n\n\n\n<p>ve benzeri sorunlarda <strong>ke\u00e7i\u00f6ren<\/strong> de<strong> teknik servisimizde <\/strong>onar\u0131m i\u015flemlerinizi ger\u00e7ekle\u015ftiriyoruz.<\/p>\n\n\n\n<h2>Ke\u00e7i\u00f6ren Notebook Tamir Servisi<\/h2>\n\n\n\n<figure class=\"wp-block-image size-large\"><img loading=\"lazy\" width=\"626\" height=\"417\" src=\"https:\/\/www.gencgrafik.com\/wp-content\/uploads\/2021\/03\/kecioren-notebook-tamiri.jpg\" alt=\"\" class=\"wp-image-658\" srcset=\"https:\/\/www.gencgrafik.com\/wp-content\/uploads\/2021\/03\/kecioren-notebook-tamiri.jpg 626w, https:\/\/www.gencgrafik.com\/wp-content\/uploads\/2021\/03\/kecioren-notebook-tamiri-300x200.jpg 300w\" sizes=\"(max-width: 626px) 100vw, 626px\" \/><figcaption>Ke\u00e7i\u00f6ren Notebook Tamir Bak\u0131m ve Onar\u0131m Teknik Servisi<\/figcaption><\/figure>\n\n\n\n<p><strong>Ke\u00e7i\u00f6ren gen\u00e7 bilgisayar <\/strong>olarak <strong>notebook tamir<\/strong> i\u015flemlerini garanti olarak yapmaktay\u0131z. Uzman teknik ekibimiz ile yapt\u0131\u011f\u0131m\u0131z tamir i\u015flerine garanti vermekteyiz. <strong>Anakart chipset <\/strong>ve ekran kart\u0131 sorunlar\u0131nda uzman ekibimiz yap\u0131lan i\u015flemlerden sonra cihaz\u0131n\u0131z\u0131n eskisi gibi \u00e7al\u0131\u015fmas\u0131n\u0131 sa\u011flamaktad\u0131r.<strong>K\u0131r\u0131k Ekran de\u011fi\u015fimi , klavye de\u011fi\u015fimi mente\u015fe tamiri, kasa tamiri, kuzey ve g\u00fcney chipset tamiri, ekran chip tamiri<\/strong> yapt\u0131\u011f\u0131m\u0131z baz\u0131 i\u015flemlerdir.<\/p>\n","protected":false},"excerpt":{"rendered":"<p>Bilgisayar\u0131n\u0131zda Problem ya\u015f\u0131yorsan\u0131z ve sorunlar\u0131n\u0131z\u0131 h\u0131zl\u0131ca \u00e7\u00f6zebilece\u011finiz bir teknik servis ar\u0131yorsan\u0131z. Ke\u00e7i\u00f6ren de bulunan bilgisayar teknik servisimiz sorunlar\u0131n\u0131z\u0131n \u00e7\u00f6z\u00fcm noktas\u0131 olmaya haz\u0131r. Ke\u00e7i\u00f6ren Bilgisayar Tamiri Gen\u00e7 Bilgisayar olarak 2005 y\u0131l\u0131ndan beri Ankara da Ke\u00e7i\u00f6ren bilgisayar tamiricisi arayan m\u00fc\u015fterilerizin teknik servis ihtiya\u00e7lar\u0131n\u0131 kar\u015f\u0131lamaktay\u0131z. Her t\u00fcrl\u00fc marka ba\u011f\u0131ms\u0131z olarak Ke\u00e7i\u00f6rende ;Bilgisayar Format , Bilgisayar Upgrade, Sarf malzeme [&hellip;]<\/p>\n","protected":false},"author":1,"featured_media":0,"parent":0,"menu_order":0,"comment_status":"closed","ping_status":"closed","template":"","meta":[],"_links":{"self":[{"href":"https:\/\/www.gencgrafik.com\/index.php\/wp-json\/wp\/v2\/pages\/656"}],"collection":[{"href":"https:\/\/www.gencgrafik.com\/index.php\/wp-json\/wp\/v2\/pages"}],"about":[{"href":"https:\/\/www.gencgrafik.com\/index.php\/wp-json\/wp\/v2\/types\/page"}],"author":[{"embeddable":true,"href":"https:\/\/www.gencgrafik.com\/index.php\/wp-json\/wp\/v2\/users\/1"}],"replies":[{"embeddable":true,"href":"https:\/\/www.gencgrafik.com\/index.php\/wp-json\/wp\/v2\/comments?post=656"}],"version-history":[{"count":1,"href":"https:\/\/www.gencgrafik.com\/index.php\/wp-json\/wp\/v2\/pages\/656\/revisions"}],"predecessor-version":[{"id":659,"href":"https:\/\/www.gencgrafik.com\/index.php\/wp-json\/wp\/v2\/pages\/656\/revisions\/659"}],"wp:attachment":[{"href":"https:\/\/www.gencgrafik.com\/index.php\/wp-json\/wp\/v2\/media?parent=656"}],"curies":[{"name":"wp","href":"https:\/\/api.w.org\/{rel}","templated":true}]}}