{"id":682,"date":"2021-03-12T16:48:29","date_gmt":"2021-03-12T13:48:29","guid":{"rendered":"https:\/\/www.gencgrafik.com\/?page_id=682"},"modified":"2021-03-13T22:29:41","modified_gmt":"2021-03-13T19:29:41","slug":"kecioren-televizyon-tamiri-etlik","status":"publish","type":"page","link":"https:\/\/www.gencgrafik.com\/index.php\/kecioren-televizyon-tamiri-etlik\/","title":{"rendered":"Televizyon Tamiri"},"content":{"rendered":"\n<p><strong>Ke\u00e7i\u00f6ren Televizyon Tamir Servisi <\/strong>olarak; uzun y\u0131llard\u0131r <strong>Ke\u00e7i\u00f6ren<\/strong> de  TV <strong>Tamir Teknik Servis <\/strong>alan\u0131nda sundu\u011fumuz hizmetin bilimselli\u011fi ve kalitesiyle, ilklerin i\u00e7inde yer alan lider olman\u0131n yan\u0131 s\u0131ra, her zaman lider kalmay\u0131 ilke edinmi\u015f bir <strong>servis hizmetidir.<\/strong><\/p>\n\n\n\n<figure class=\"wp-block-image size-large\"><img loading=\"lazy\" width=\"612\" height=\"408\" src=\"https:\/\/www.gencgrafik.com\/wp-content\/uploads\/2021\/03\/kecioren-televizyon-tamiri.jpg\" alt=\"Ke\u00e7i\u00f6ren Televizyon Tamiri\" class=\"wp-image-683\" srcset=\"https:\/\/www.gencgrafik.com\/wp-content\/uploads\/2021\/03\/kecioren-televizyon-tamiri.jpg 612w, https:\/\/www.gencgrafik.com\/wp-content\/uploads\/2021\/03\/kecioren-televizyon-tamiri-300x200.jpg 300w\" sizes=\"(max-width: 612px) 100vw, 612px\" \/><figcaption>Ke\u00e7i\u00f6ren Televizyon Tamiri<\/figcaption><\/figure>\n\n\n\n<div id=\"toc_container\" class=\"no_bullets\"><p class=\"toc_title\">Yaz\u0131 \u0130&ccedil;indekiler<\/p><ul class=\"toc_list\"><li><a href=\"#Kecioren_Tv_Servisi\"><span class=\"toc_number toc_depth_1\">1<\/span> Ke\u00e7i\u00f6ren Tv Servisi<\/a><\/li><li><a href=\"#Kecioren_Televizyon_Led_Degisimi\"><span class=\"toc_number toc_depth_1\">2<\/span> Ke\u00e7i\u00f6ren Televizyon Led De\u011fi\u015fimi<\/a><\/li><li><a href=\"#Kecioren_Led_Tv_Tamiri\"><span class=\"toc_number toc_depth_1\">3<\/span> Ke\u00e7i\u00f6ren Led Tv Tamiri<\/a><\/li><li><a href=\"#Kecioren_LCD_Tv_Tamiri\"><span class=\"toc_number toc_depth_1\">4<\/span> Ke\u00e7i\u00f6ren LCD Tv Tamiri<\/a><\/li><li><a href=\"#Kecioren_Televizyon_Anakart_Tamiri\"><span class=\"toc_number toc_depth_1\">5<\/span> Ke\u00e7i\u00f6ren Televizyon Anakart Tamiri<\/a><\/li><li><a href=\"#Kecioren_Televizyon_Ekran_Panel_Degisimi\"><span class=\"toc_number toc_depth_1\">6<\/span> Ke\u00e7i\u00f6ren Televizyon Ekran Panel De\u011fi\u015fimi<\/a><\/li><li><a href=\"#Tv_Ekran_Tamiri_ve_Tv_Ekran_Degisimi\"><span class=\"toc_number toc_depth_1\">7<\/span> Tv Ekran Tamiri ve Tv Ekran De\u011fi\u015fimi<\/a><\/li><li><a href=\"#Kecioren_Televizyon_Tamiri_Hizmet_Bolgelerimiz\"><span class=\"toc_number toc_depth_1\">8<\/span> Ke\u00e7i\u00f6ren Televizyon Tamiri Hizmet B\u00f6lgelerimiz<\/a><\/li><li><a href=\"#Etlik_Televizyon_Tamiri\"><span class=\"toc_number toc_depth_1\">9<\/span> Etlik Televizyon Tamiri<\/a><\/li><\/ul><\/div>\n<h2><span id=\"Kecioren_Tv_Servisi\">Ke\u00e7i\u00f6ren Tv Servisi<\/span><\/h2>\n\n\n\n<p>Ta\u015f\u0131nma <strong>darbe<\/strong>, <strong>\u00e7arpma<\/strong> sonucu <strong>k\u0131r\u0131lan Led Tv <\/strong>ekranlar\u0131n\u0131 yenisi ile de\u011fi\u015fimi yap\u0131larak <strong>televizyonlar\u0131n\u0131z\u0131<\/strong> yeniden kullan\u0131l\u0131r hale getiriyoruz. <br><br><strong>Ke\u00e7i\u00f6ren LCD Tv, Led Tv, Plazma Tv servisi tamir<\/strong> ve <strong>yedek par\u00e7a <\/strong>i\u015flemlerinde tecr\u00fcbeli kadromuzun sizler i\u00e7in tek politikas\u0131 g\u00fcven ve zaman\u0131nda teslimatt\u0131r. <strong>Servislerimizde ar\u0131za tespiti<\/strong> ve fiyatland\u0131rma i\u015flemi yap\u0131ld\u0131ktan hemen sonra m\u00fc\u015fteriden onay al\u0131n\u0131r. sonra <strong>ar\u0131za onar\u0131l\u0131r <\/strong>ve ihtiya\u00e7 duyulmas\u0131 halinde <strong>par\u00e7a de\u011fi\u015fimi <\/strong>yap\u0131l\u0131r.<\/p>\n\n\n\n<h2><span id=\"Kecioren_Televizyon_Led_Degisimi\"><strong>Ke\u00e7i\u00f6ren Televizyon Led De\u011fi\u015fimi<\/strong><br><\/span><\/h2>\n\n\n\n<p>Led tv&#8217; lerde en s\u0131k kar\u015f\u0131la\u015f\u0131lan ar\u0131zalardan olan <strong>Led bar ar\u0131zas\u0131n\u0131 <\/strong>yeni <strong>led bar ile de\u011fi\u015ftirerek <\/strong>televizyonunuzu kullan\u0131labilir hale getiriyoruz. <br><\/p>\n\n\n\n<h2><span id=\"Kecioren_Led_Tv_Tamiri\"><br>Ke\u00e7i\u00f6ren Led Tv Tamiri<\/span><\/h2>\n\n\n\n<p>Ke\u00e7i\u00f6ren de uzun y\u0131llara dayanan tecr\u00fcbemiz ve uzman gezici ekibimizle Ke\u00e7i\u00f6ren Led tv tamir servisi olarak ar\u0131zal\u0131 televizyonlar\u0131n\u0131z\u0131 yerinden al\u0131p tamir ve yedek par\u00e7a servis hizmeti vermekteyiz. Tv teknik servisimiz taraf\u0131ndan yap\u0131lan i\u015flemlere tamir ve par\u00e7a garantisi verilmektedir. <\/p>\n\n\n\n<ul><li><strong>Ke\u00e7i\u00f6ren Tv servisi<\/strong><\/li><li><strong>Ke\u00e7i\u00f6ren led tv tamiri<\/strong><\/li><li><strong>Ke\u00e7i\u00f6ren lcd tv tamiri<\/strong><\/li><li><strong>Ke\u00e7i\u00f6renTv kartlar\u0131 tamiri<\/strong><\/li><li><strong>Ke\u00e7i\u00f6ren Led Tb Bar de\u011fi\u015fimi<\/strong><\/li><li><strong>Ke\u00e7i\u00f6ren Led Tv Ekran tamiri<\/strong><\/li><li><strong>Ke\u00e7i\u00f6ren Led TvEkran de\u011fi\u015fimi<\/strong><\/li><\/ul>\n\n\n\n<h2><span id=\"Kecioren_LCD_Tv_Tamiri\">Ke\u00e7i\u00f6ren LCD Tv Tamiri<\/span><\/h2>\n\n\n\n<p><strong>Ke\u00e7i\u00f6ren LCD Tv Televizyon servisi tamir<\/strong> ve yedek par\u00e7a i\u015flemlerinde tecr\u00fcbeli kadromuzun sizler i\u00e7in tek politikas\u0131 g\u00fcven ve zaman\u0131nda teslimatt\u0131r. Servislerimizde <strong>ar\u0131za tespiti ve fiyatland\u0131rma i\u015flemi <\/strong>yap\u0131ld\u0131ktan hemen sonra m\u00fc\u015fteriden onay al\u0131n\u0131r. Sonra <strong>ar\u0131za onar\u0131l\u0131r<\/strong> ve ihtiya\u00e7 duyulmas\u0131 halinde par\u00e7a de\u011fi\u015fimi yap\u0131l\u0131r.<\/p>\n\n\n\n<h2><span id=\"Kecioren_Televizyon_Anakart_Tamiri\"><br>Ke\u00e7i\u00f6ren Televizyon Anakart Tamiri<\/span><\/h2>\n\n\n\n<p> <strong>Televizyon Anakart, g\u00fc\u00e7 kart\u0131, elektronik kart ar\u0131za<\/strong>lar\u0131nda 20 y\u0131l\u0131 a\u015fan tecr\u00fcbemizle en uygun fiyatlarla hizmet veriyoruz. <strong>Kart ar\u0131zalar\u0131nda<\/strong> gerekli par\u00e7a de\u011fi\u015fimleri, veya gerekirse <strong>anakart de\u011fi\u015ftirme<\/strong> i\u015flemleri yap\u0131l\u0131r. <strong>G\u00fc\u00e7 yada power kart ar\u0131zalar\u0131 tamir edilir<\/strong>. <strong>Led de\u011fi\u015fimi, led tamiri<\/strong> yap\u0131l\u0131r. <strong>S\u0131v\u0131, su temaslar\u0131, su d\u00f6k\u00fclmesi, s\u0131v\u0131 d\u00f6k\u00fclmesi durumlar\u0131nda etkili servis hizmeti verilir.<\/strong><\/p>\n\n\n\n<h2><span id=\"Kecioren_Televizyon_Ekran_Panel_Degisimi\">Ke\u00e7i\u00f6ren Televizyon Ekran Panel De\u011fi\u015fimi<\/span><\/h2>\n\n\n\n<figure class=\"wp-block-image size-large\"><img loading=\"lazy\" width=\"640\" height=\"480\" src=\"https:\/\/www.gencgrafik.com\/wp-content\/uploads\/2021\/03\/kecioren-tv-ekran-tamiri.jpg\" alt=\"Ke\u00e7i\u00f6ren Televizyon Panel Tamiri\" class=\"wp-image-684\" srcset=\"https:\/\/www.gencgrafik.com\/wp-content\/uploads\/2021\/03\/kecioren-tv-ekran-tamiri.jpg 640w, https:\/\/www.gencgrafik.com\/wp-content\/uploads\/2021\/03\/kecioren-tv-ekran-tamiri-300x225.jpg 300w\" sizes=\"(max-width: 640px) 100vw, 640px\" \/><figcaption>Ke\u00e7i\u00f6ren Televizyon Panel Tamiri<\/figcaption><\/figure>\n\n\n\n<p>Geli\u015fen teknoloji ile daha ince \u00fcretilen televizyonlar bir o kadar da hassas hale geldi. Ta\u015f\u0131nma s\u0131ras\u0131nda yada k\u00fc\u00e7\u00fck bir darbe ile k\u0131r\u0131labilen&nbsp;<strong>televizyon ekranlar\u0131 (panelleri) ancak de\u011fi\u015ftirilerek&nbsp;tamir&nbsp;edilebiliyor.<\/strong>&nbsp; Arac\u0131lar\u0131n fazla oldu\u011fu servisleri g\u00f6z \u00f6n\u00fcne ald\u0131\u011f\u0131m\u0131zda&nbsp;<strong>tv&nbsp;ekran de\u011fi\u015fim fiyatlar\u0131<\/strong>&nbsp;\u00e7ok y\u00fcksek olabiliyor.&nbsp;<strong>Tv ekran de\u011fi\u015fim fiyatlar\u0131&#8217;n\u0131&nbsp; &nbsp;<\/strong>daha uygun hale getirmek i\u00e7in arac\u0131lar\u0131 kald\u0131r\u0131yoruz ve&nbsp;yetkili servislerden daha uygun fiyatlar ile sizlere hizmet ediyoruz.<\/p>\n\n\n\n<p><\/p>\n\n\n\n<h2><span id=\"Tv_Ekran_Tamiri_ve_Tv_Ekran_Degisimi\"><strong>Tv Ekran Tamiri ve Tv Ekran De\u011fi\u015fimi<\/strong><\/span><\/h2>\n\n\n\n<p>Televizyonun en \u00f6nemli par\u00e7as\u0131 olan tv ekran\u0131 de\u011fi\u015fiminden \u00f6nce sorunun tam olarak tesbiti \u00f6nemlidir.Ba\u011fz\u0131 durumlarda backligt ar\u0131zas\u0131 dedi\u011fimiz ses var g\u00f6r\u00fcnt\u00fc yok \u015fikayeti yada sadece dikine \u00e7izgiler olu\u015fan tv&#8217;ler backlight de\u011fi\u015fimi yada ekran panelleri tamiri ile d\u00fczelmektedir. Tv ekranlar\u0131 ince cam yap\u0131dan olu\u015fmak dad\u0131r \u00e7o\u011fu zaman k\u0131r\u0131lan televizyonlar tv kapal\u0131yken k\u0131r\u0131ld\u0131\u011f\u0131 hi\u00e7 belli olmaz.D\u0131\u015f\u0131ndaki \u015feffaf korumas\u0131ndan dolay\u0131 i\u00e7erdeki cam k\u0131r\u0131ld\u0131\u011f\u0131nda d\u0131\u015far\u0131ya da\u011f\u0131lmayacakt\u0131r.E\u011fer televizyon ekran\u0131n\u0131z k\u0131r\u0131ld\u0131ysa anlam\u0131n en kolay yolu televizyon a\u00e7\u0131kken&nbsp;ekrana dokunup \u00e7atlaklar\u0131n b\u00fcy\u00fcy\u00fcp b\u00fcy\u00fcmedi\u011fine bakmakt\u0131r.&nbsp;<\/p>\n\n\n\n<h2><span id=\"Kecioren_Televizyon_Tamiri_Hizmet_Bolgelerimiz\">Ke\u00e7i\u00f6ren Televizyon Tamiri Hizmet B\u00f6lgelerimiz<br><\/span><\/h2>\n\n\n\n<figure class=\"wp-block-image size-large\"><img loading=\"lazy\" width=\"1024\" height=\"576\" src=\"https:\/\/www.gencgrafik.com\/wp-content\/uploads\/2021\/03\/kecioren-televizyon-tamir-servis.png\" alt=\"Etlik Televizyon Tamircisi Servis Ke\u00e7i\u00f6ren\" class=\"wp-image-685\" srcset=\"https:\/\/www.gencgrafik.com\/wp-content\/uploads\/2021\/03\/kecioren-televizyon-tamir-servis.png 1024w, https:\/\/www.gencgrafik.com\/wp-content\/uploads\/2021\/03\/kecioren-televizyon-tamir-servis-300x169.png 300w, https:\/\/www.gencgrafik.com\/wp-content\/uploads\/2021\/03\/kecioren-televizyon-tamir-servis-768x432.png 768w\" sizes=\"(max-width: 1024px) 100vw, 1024px\" \/><figcaption>Etlik Televizyon Tamircisi Servis Ke\u00e7i\u00f6ren<\/figcaption><\/figure>\n\n\n\n<p><strong>Ke\u00e7i\u00f6ren Televizyon Tamiri<br><br><a href=\"https:\/\/www.gencgrafik.com\/index.php\/etlik-televizyon-tamiri\/\">Etlik Televizyon Tamiri<\/a><\/strong><br><br><strong>Atapark Mahallesi Televizyon Tamiri<\/strong><\/p>\n\n\n\n<p><strong>Bademlik Mahallesi Televizyon Tamiri<\/strong><\/p>\n\n\n\n<p><strong>Ba\u011flarba\u015f\u0131 Mahallesi Televizyon Tamiri<\/strong><\/p>\n\n\n\n<p><strong>G\u00fc\u00e7l\u00fckaya Mahallesi Televizyon Tamiri<\/strong><\/p>\n\n\n\n<p><strong>G\u00fczelyurt Mahallesi Televizyon Tamiri<\/strong><\/p>\n\n\n\n<p><strong>Kalaba Mahallesi Televizyon Tamiri<\/strong><\/p>\n\n\n\n<p><strong>Karargahtepe Mahallesi Televizyon Tamiri<\/strong><\/p>\n\n\n\n<p><strong>Ku\u015fca\u011f\u0131z Mahallesi Televizyon Tamiri<\/strong><\/p>\n\n\n\n<p><strong>P\u0131narba\u015f\u0131 Mahallesi Televizyon Tamiri<\/strong><\/p>\n\n\n\n<p><strong>\u015eefkat\u015eenlik Mahallesi Televizyon Tamiri<\/strong><\/p>\n\n\n\n<p><strong>Tepeba\u015f\u0131 Mahallesi Televizyon Tamiri<\/strong><\/p>\n\n\n\n<p><strong>Uyan\u0131\u015f Mahallesi Televizyon Tamiri<\/strong><\/p>\n\n\n\n<p><strong>Yakac\u0131k Mahallesi Televizyon Tamiri<\/strong><\/p>\n\n\n\n<p><strong>Aktepe Mahallesi Televizyon Tamiri<\/strong><\/p>\n\n\n\n<p><strong>\u00c7ald\u0131ran Mahallesi Televizyon Tamiri<\/strong><\/p>\n\n\n\n<p><strong>23 Nisan Mahallesi Televizyon Tamiri<\/strong><\/p>\n\n\n\n<p><strong>Adnan Menderes Mahallesi Televizyon Tamiri<\/strong><\/p>\n\n\n\n<p><strong>Aktepe Mahallesi Televizyon Tamiri<\/strong><\/p>\n\n\n\n<p><strong>K\u00f6\u015fk Mahallesi Televizyon Tamiri<\/strong><\/p>\n\n\n\n<p><strong>Ye\u015filtepe Mahallesi Televizyon Tamiri<\/strong><\/p>\n\n\n\n<p><strong>\u0130ncirli Mahallesi Televizyon Tamiri<\/strong><\/p>\n\n\n\n<p><strong>19 May\u0131s Mahallesi Televizyon Tamiri<\/strong><\/p>\n\n\n\n<p><strong>Bas\u0131nevleri Mahallesi Televizyon Tamiri<\/strong><\/p>\n\n\n\n<p><strong>\u00c7i\u00e7ekli Mahallesi Televizyon Tamiri<\/strong><\/p>\n\n\n\n<p><strong>\u0130ncirli Mahallesi Televizyon Tamiri<\/strong><\/p>\n\n\n\n<p><strong>A\u015fa\u011f\u0131 E\u011flence Mahallesi Televizyon Tamiri<\/strong><\/p>\n\n\n\n<p><strong>Ayval\u0131 Mahallesi Televizyon Tamiri<\/strong><\/p>\n\n\n\n<p><strong>Esertepe Mahallesi Televizyon Tamiri<\/strong><\/p>\n\n\n\n<p><strong>Etlik Mahallesi Televizyon Tamiri<\/strong><\/p>\n\n\n\n<p><strong>Ovac\u0131k Mahallesi Televizyon Tamiri<\/strong><\/p>\n\n\n\n<p><strong>Yayla Mahallesi Televizyon Tamiri<\/strong><\/p>\n\n\n\n<p><strong>Emrah Mahallesi Televizyon Tamiri<\/strong><br><\/p>\n\n\n\n<h2><span id=\"Etlik_Televizyon_Tamiri\">Etlik Televizyon Tamiri<\/span><\/h2>\n\n\n\n<figure class=\"wp-block-image size-large\"><img loading=\"lazy\" width=\"286\" height=\"176\" src=\"https:\/\/www.gencgrafik.com\/wp-content\/uploads\/2021\/03\/etlik-televizyon-tamiri.jpg\" alt=\"Etlik Televizyon Tamiri\" class=\"wp-image-690\"\/><figcaption>Etlik Televizyon Tamiri<\/figcaption><\/figure>\n\n\n\n<p><br>Ankara&#8217;da<strong> Ke\u00e7i\u00f6ren Etlik Led tv televizyon &nbsp;Lcd, plazma, monit\u00f6r tamir&nbsp;servis&nbsp;bak\u0131m<\/strong>&nbsp;<strong>Ke\u00e7i\u00f6ren Bilgisayar <\/strong>&nbsp;siz m\u00fc\u015fterilerimize daha iyi hizmet vermek i\u00e7in <strong>Beko,&nbsp; Ar\u00e7elik, Sony, Altus, Seg, Vestel, Samsung, LG, Panasonic, Ph\u0131l\u0131ps, Seikon, Konka, Cosmos, Premier, Toshiba, Profilo,&nbsp;&nbsp;daha bir\u00e7ok markaya servis&nbsp;hizmeti vermekteyiz.<\/strong><\/p>\n","protected":false},"excerpt":{"rendered":"<p>Ke\u00e7i\u00f6ren Televizyon Tamir Servisi olarak; uzun y\u0131llard\u0131r Ke\u00e7i\u00f6ren de TV Tamir Teknik Servis alan\u0131nda sundu\u011fumuz hizmetin bilimselli\u011fi ve kalitesiyle, ilklerin i\u00e7inde yer alan lider olman\u0131n yan\u0131 s\u0131ra, her zaman lider kalmay\u0131 ilke edinmi\u015f bir servis hizmetidir. Yaz\u0131 \u0130&ccedil;indekiler1 Ke\u00e7i\u00f6ren Tv Servisi2 Ke\u00e7i\u00f6ren Televizyon Led De\u011fi\u015fimi3 Ke\u00e7i\u00f6ren Led Tv Tamiri4 Ke\u00e7i\u00f6ren LCD Tv Tamiri5 Ke\u00e7i\u00f6ren Televizyon [&hellip;]<\/p>\n","protected":false},"author":1,"featured_media":0,"parent":0,"menu_order":0,"comment_status":"closed","ping_status":"closed","template":"","meta":[],"_links":{"self":[{"href":"https:\/\/www.gencgrafik.com\/index.php\/wp-json\/wp\/v2\/pages\/682"}],"collection":[{"href":"https:\/\/www.gencgrafik.com\/index.php\/wp-json\/wp\/v2\/pages"}],"about":[{"href":"https:\/\/www.gencgrafik.com\/index.php\/wp-json\/wp\/v2\/types\/page"}],"author":[{"embeddable":true,"href":"https:\/\/www.gencgrafik.com\/index.php\/wp-json\/wp\/v2\/users\/1"}],"replies":[{"embeddable":true,"href":"https:\/\/www.gencgrafik.com\/index.php\/wp-json\/wp\/v2\/comments?post=682"}],"version-history":[{"count":4,"href":"https:\/\/www.gencgrafik.com\/index.php\/wp-json\/wp\/v2\/pages\/682\/revisions"}],"predecessor-version":[{"id":703,"href":"https:\/\/www.gencgrafik.com\/index.php\/wp-json\/wp\/v2\/pages\/682\/revisions\/703"}],"wp:attachment":[{"href":"https:\/\/www.gencgrafik.com\/index.php\/wp-json\/wp\/v2\/media?parent=682"}],"curies":[{"name":"wp","href":"https:\/\/api.w.org\/{rel}","templated":true}]}}