{"id":697,"date":"2021-03-13T22:28:19","date_gmt":"2021-03-13T19:28:19","guid":{"rendered":"https:\/\/www.gencgrafik.com\/?page_id=697"},"modified":"2021-03-13T22:37:29","modified_gmt":"2021-03-13T19:37:29","slug":"etlik-televizyon-tamiri","status":"publish","type":"page","link":"https:\/\/www.gencgrafik.com\/index.php\/etlik-televizyon-tamiri\/","title":{"rendered":"Etlik Televizyon Tamiri"},"content":{"rendered":"\n<p><strong>Etlik Televizyon Tamir Servisi<\/strong>\u00a0olarak; uzun y\u0131llard\u0131r\u00a0<strong>Etlik\u00a0<\/strong>de <strong>TV\u00a0Tamir Teknik Servis<\/strong>\u00a0alan\u0131nda sundu\u011fumuz hizmetlerle  yer alan lider olman\u0131n yan\u0131 s\u0131ra, her zaman lider kalmay\u0131 ilke edinmi\u015f bir\u00a0<em>servis hizmetidir.<\/em><br><strong>Adnan y\u00fcksel caddesi Etlik Televizyon Servisi<\/strong><\/p>\n\n\n\n<figure class=\"wp-block-image size-large\"><img loading=\"lazy\" width=\"583\" height=\"325\" src=\"https:\/\/www.gencgrafik.com\/wp-content\/uploads\/2021\/03\/etlik-tv-tamiri-televizyon.jpg\" alt=\"Etlik  Televizyon Tamiri TV\" class=\"wp-image-698\" srcset=\"https:\/\/www.gencgrafik.com\/wp-content\/uploads\/2021\/03\/etlik-tv-tamiri-televizyon.jpg 583w, https:\/\/www.gencgrafik.com\/wp-content\/uploads\/2021\/03\/etlik-tv-tamiri-televizyon-300x167.jpg 300w\" sizes=\"(max-width: 583px) 100vw, 583px\" \/><figcaption>Etlik  Televizyon Tamiri TV<\/figcaption><\/figure>\n\n\n\n<div id=\"toc_container\" class=\"no_bullets\"><p class=\"toc_title\">Yaz\u0131 \u0130&ccedil;indekiler<\/p><ul class=\"toc_list\"><li><a href=\"#Etlik_Tv_Servisi\"><span class=\"toc_number toc_depth_1\">1<\/span> Etlik Tv Servisi<\/a><\/li><li><a href=\"#Etlik_Televizyon_Led_Degisimi\"><span class=\"toc_number toc_depth_1\">2<\/span> Etlik Televizyon Led De\u011fi\u015fimi<\/a><\/li><li><a href=\"#Etlik_Led_Tv_Tamiri\"><span class=\"toc_number toc_depth_1\">3<\/span> Etlik Led Tv Tamiri<\/a><\/li><li><a href=\"#Etlik_LCD_Tv_Tamiri\"><span class=\"toc_number toc_depth_1\">4<\/span> Etlik LCD Tv Tamiri<\/a><\/li><li><a href=\"#Etlik_Televizyon_Anakart_Tamiri\"><span class=\"toc_number toc_depth_1\">5<\/span> Etlik  Televizyon Anakart Tamiri<\/a><\/li><li><a href=\"#Etlik_Kirik_Led_tv_Lcd_tv_ekran_tamiri\"><span class=\"toc_number toc_depth_1\">6<\/span> Etlik K\u0131r\u0131k Led tv Lcd tv  ekran tamiri<\/a><\/li><li><a href=\"#Etlik_Televizyon_Tamiri\"><span class=\"toc_number toc_depth_1\">7<\/span> Etlik Televizyon Tamiri<\/a><\/li><li><a href=\"#Etlik_Televizyon_Tamiri-2\"><span class=\"toc_number toc_depth_1\">8<\/span> Etlik Televizyon Tamiri<\/a><\/li><\/ul><\/div>\n<h2><span id=\"Etlik_Tv_Servisi\">Etlik Tv Servisi<\/span><\/h2>\n\n\n\n<p>Ta\u015f\u0131nma&nbsp;<strong>darbe<\/strong>,&nbsp;<strong>\u00e7arpma<\/strong>&nbsp;sonucu&nbsp;<strong>k\u0131r\u0131lan Led Tv&nbsp;<\/strong>ekranlar\u0131n\u0131 yenisi ile de\u011fi\u015fimi yap\u0131larak&nbsp;<strong>televizyonlar\u0131n\u0131z\u0131<\/strong>&nbsp;yeniden kullan\u0131l\u0131r hale getiriyoruz.<br><br><strong>Etlik LCD Tv, Led Tv, Plazma Tv servisi tamir&nbsp;ve&nbsp;yedek par\u00e7a&nbsp;i\u015flemlerinde<\/strong> tecr\u00fcbeli kadromuzun sizler i\u00e7in tek politikas\u0131 g\u00fcven ve zaman\u0131nda teslimatt\u0131r.&nbsp;<strong>Servislerimizde ar\u0131za tespiti<\/strong>&nbsp;ve fiyatland\u0131rma i\u015flemi yap\u0131ld\u0131ktan hemen sonra m\u00fc\u015fteriden onay al\u0131n\u0131r. sonra&nbsp;<strong>ar\u0131za onar\u0131l\u0131r&nbsp;<\/strong>ve ihtiya\u00e7 duyulmas\u0131 halinde&nbsp;<strong>par\u00e7a de\u011fi\u015fimi&nbsp;<\/strong>yap\u0131l\u0131r.<\/p>\n\n\n\n<h2><span id=\"Etlik_Televizyon_Led_Degisimi\"><strong>Etlik Televizyon Led De\u011fi\u015fimi<\/strong><\/span><\/h2>\n\n\n\n<figure class=\"wp-block-image size-large\"><img loading=\"lazy\" width=\"479\" height=\"309\" src=\"https:\/\/www.gencgrafik.com\/wp-content\/uploads\/2021\/03\/resim_2021-03-13_222213.png\" alt=\"Etlik Televizyon Led De\u011fi\u015fimi\" class=\"wp-image-699\" srcset=\"https:\/\/www.gencgrafik.com\/wp-content\/uploads\/2021\/03\/resim_2021-03-13_222213.png 479w, https:\/\/www.gencgrafik.com\/wp-content\/uploads\/2021\/03\/resim_2021-03-13_222213-300x194.png 300w\" sizes=\"(max-width: 479px) 100vw, 479px\" \/><figcaption>Etlik Televizyon Led De\u011fi\u015fimi<\/figcaption><\/figure>\n\n\n\n<p>Led tv\u2019 lerde en s\u0131k kar\u015f\u0131la\u015f\u0131lan ar\u0131zalardan olan&nbsp;<strong>Led bar ar\u0131zas\u0131n\u0131&nbsp;<\/strong>yeni&nbsp;<strong>led bar ile de\u011fi\u015ftirerek&nbsp;<\/strong>televizyonunuzu kullan\u0131labilir hale getiriyoruz.<\/p>\n\n\n\n<h2><span id=\"Etlik_Led_Tv_Tamiri\"><br>Etlik Led Tv Tamiri<\/span><\/h2>\n\n\n\n<figure class=\"wp-block-image size-large\"><img loading=\"lazy\" width=\"280\" height=\"237\" src=\"https:\/\/www.gencgrafik.com\/wp-content\/uploads\/2021\/03\/etlik-led-tv-tamiri.jpg\" alt=\"Etlik Led Tv Tamiri\" class=\"wp-image-700\"\/><figcaption>Etlik Led Tv Tamiri<\/figcaption><\/figure>\n\n\n\n<p><strong>Etlik <\/strong>de uzun y\u0131llara dayanan tecr\u00fcbemiz ve uzman gezici ekibimizle <strong>Etlik Led tv tamir servisi<\/strong> olarak <strong>ar\u0131zal\u0131 televizyonlar\u0131n\u0131z\u0131<\/strong> yerinden al\u0131p tamir ve yedek par\u00e7a servis hizmeti vermekteyiz. <strong>Tv teknik servisimiz <\/strong>taraf\u0131ndan yap\u0131lan i\u015flemlere tamir ve par\u00e7a garantisi verilmektedir.<\/p>\n\n\n\n<ul><li><strong>Etlik Tv servisi<\/strong><\/li><li><strong>Etlik led tv tamiri<\/strong><\/li><li><strong>Etlik lcd tv tamiri<\/strong><\/li><li><strong>Etlik Tv kartlar\u0131 tamiri<\/strong><\/li><li><strong>Etlik Led Tb Bar de\u011fi\u015fimi<\/strong><\/li><li><strong>Etlik Led Tv Ekran tamiri<\/strong><\/li><li><strong>Etlik  Led TvEkran de\u011fi\u015fimi<\/strong><\/li><\/ul>\n\n\n\n<h2><span id=\"Etlik_LCD_Tv_Tamiri\">Etlik LCD Tv Tamiri<\/span><\/h2>\n\n\n\n<p><strong>Etlik <\/strong> LCD Tv Televizyon servisi tamir&nbsp;ve yedek par\u00e7a i\u015flemlerinde tecr\u00fcbeli kadromuzun sizler i\u00e7in tek politikas\u0131 g\u00fcven ve zaman\u0131nda teslimatt\u0131r. Servislerimizde&nbsp;ar\u0131za tespiti ve fiyatland\u0131rma i\u015flemi&nbsp;yap\u0131ld\u0131ktan hemen sonra m\u00fc\u015fteriden onay al\u0131n\u0131r. Sonra&nbsp;ar\u0131za onar\u0131l\u0131r&nbsp;ve ihtiya\u00e7 duyulmas\u0131 halinde par\u00e7a de\u011fi\u015fimi yap\u0131l\u0131r.<\/p>\n\n\n\n<h2><span id=\"Etlik_Televizyon_Anakart_Tamiri\"><br>Etlik  Televizyon Anakart Tamiri<\/span><\/h2>\n\n\n\n<p>Televizyon Anakart, g\u00fc\u00e7 kart\u0131, elektronik kart ar\u0131zalar\u0131nda 20 y\u0131l\u0131 a\u015fan tecr\u00fcbemizle en uygun fiyatlarla hizmet veriyoruz.&nbsp;Kart ar\u0131zalar\u0131nda&nbsp;gerekli par\u00e7a de\u011fi\u015fimleri, veya gerekirse&nbsp;anakart de\u011fi\u015ftirme&nbsp;i\u015flemleri yap\u0131l\u0131r.&nbsp;G\u00fc\u00e7 yada power kart ar\u0131zalar\u0131 tamir edilir.&nbsp;Led de\u011fi\u015fimi, led tamiri&nbsp;yap\u0131l\u0131r.&nbsp;S\u0131v\u0131, su temaslar\u0131, su d\u00f6k\u00fclmesi, s\u0131v\u0131 d\u00f6k\u00fclmesi durumlar\u0131nda <strong>etlik <\/strong>te etkili servis hizmeti verilir.<\/p>\n\n\n\n<h2><span id=\"Etlik_Kirik_Led_tv_Lcd_tv_ekran_tamiri\">Etlik K\u0131r\u0131k Led tv Lcd tv  ekran tamiri<\/span><\/h2>\n\n\n\n<figure class=\"wp-block-image size-large\"><img loading=\"lazy\" width=\"1024\" height=\"576\" src=\"https:\/\/www.gencgrafik.com\/wp-content\/uploads\/2021\/03\/kirik-televizyon-ekrani-etlik.png\" alt=\"Etlik K\u0131r\u0131k Led tv Lcd tv  ekran tamiri\" class=\"wp-image-701\" srcset=\"https:\/\/www.gencgrafik.com\/wp-content\/uploads\/2021\/03\/kirik-televizyon-ekrani-etlik.png 1024w, https:\/\/www.gencgrafik.com\/wp-content\/uploads\/2021\/03\/kirik-televizyon-ekrani-etlik-300x169.png 300w, https:\/\/www.gencgrafik.com\/wp-content\/uploads\/2021\/03\/kirik-televizyon-ekrani-etlik-768x432.png 768w\" sizes=\"(max-width: 1024px) 100vw, 1024px\" \/><figcaption>Etlik K\u0131r\u0131k Led tv Lcd tv ekran tamiri<\/figcaption><\/figure>\n\n\n\n<p>K\u0131r\u0131k led ve lcd tv lerinizi ekonomik fiyatlarla tamir ettirmek veya satmak istiyorsan\u0131z bir telefon kadar yak\u0131n\u0131z.<\/p>\n\n\n\n<p>Televizyon de\u011ferinden fazla tutan tamirat masraflar\u0131n\u0131 \u00f6demek istemiyorsan\u0131z dert etmeyin.<\/p>\n\n\n\n<p>Ekran\u0131 k\u0131r\u0131k lcd , led tv lerinizi sat\u0131n al\u0131yoruz.<\/p>\n\n\n\n<p>Tamiri olmayan lcd&nbsp; , led tvlerinizi \u00e7\u00f6p de\u011fildir.<\/p>\n\n\n\n<p>\u00c7\u00f6pe atman\u0131z \u00e7evreye b\u00fcy\u00fck zararlar verir .<\/p>\n\n\n\n<p>Geri d\u00f6n\u00fc\u015f\u00fcm hizmetimizle ekran\u0131 k\u0131r\u0131k led lcd tv lerinizi sat\u0131n al\u0131yoruz.<\/p>\n\n\n\n<h2><span id=\"Etlik_Televizyon_Tamiri\"><br><strong>Etlik Televizyon Tamiri<\/strong><\/span><\/h2>\n\n\n\n<p><strong>Ke\u00e7i\u00f6ren Televizyon Tamiri<br><br><a href=\"https:\/\/www.gencgrafik.com\/index.php\/kecioren-televizyon-tamiri-etlik\/\">Etlik Televizyon Tamiri<\/a><\/strong><br><br><strong>Atapark Mahallesi Televizyon Tamiri<\/strong><\/p>\n\n\n\n<p><strong>Bademlik Mahallesi Televizyon Tamiri<\/strong><\/p>\n\n\n\n<p><strong>Ba\u011flarba\u015f\u0131 Mahallesi Televizyon Tamiri<\/strong><\/p>\n\n\n\n<p><strong>G\u00fc\u00e7l\u00fckaya Mahallesi Televizyon Tamiri<\/strong><\/p>\n\n\n\n<p><strong>G\u00fczelyurt Mahallesi Televizyon Tamiri<\/strong><\/p>\n\n\n\n<p><strong>Kalaba Mahallesi Televizyon Tamiri<\/strong><\/p>\n\n\n\n<p><strong>Karargahtepe Mahallesi Televizyon Tamiri<\/strong><\/p>\n\n\n\n<p><strong>Ku\u015fca\u011f\u0131z Mahallesi Televizyon Tamiri<\/strong><\/p>\n\n\n\n<p><strong>P\u0131narba\u015f\u0131 Mahallesi Televizyon Tamiri<\/strong><\/p>\n\n\n\n<p><strong>\u015eefkat\u015eenlik Mahallesi Televizyon Tamiri<\/strong><\/p>\n\n\n\n<p><strong>Tepeba\u015f\u0131 Mahallesi Televizyon Tamiri<\/strong><\/p>\n\n\n\n<p><strong>Uyan\u0131\u015f Mahallesi Televizyon Tamiri<\/strong><\/p>\n\n\n\n<p><strong>Yakac\u0131k Mahallesi Televizyon Tamiri<\/strong><\/p>\n\n\n\n<p><strong>Aktepe Mahallesi Televizyon Tamiri<\/strong><\/p>\n\n\n\n<p><strong>\u00c7ald\u0131ran Mahallesi Televizyon Tamiri<\/strong><\/p>\n\n\n\n<p><strong>23 Nisan Mahallesi Televizyon Tamiri<\/strong><\/p>\n\n\n\n<p><strong>Adnan Menderes Mahallesi Televizyon Tamiri<\/strong><\/p>\n\n\n\n<p><strong>Aktepe Mahallesi Televizyon Tamiri<\/strong><\/p>\n\n\n\n<p><strong>K\u00f6\u015fk Mahallesi Televizyon Tamiri<\/strong><\/p>\n\n\n\n<p><strong>Ye\u015filtepe Mahallesi Televizyon Tamiri<\/strong><\/p>\n\n\n\n<p><strong>\u0130ncirli Mahallesi Televizyon Tamiri<\/strong><\/p>\n\n\n\n<p><strong>19 May\u0131s Mahallesi Televizyon Tamiri<\/strong><\/p>\n\n\n\n<p><strong>Bas\u0131nevleri Mahallesi Televizyon Tamiri<\/strong><\/p>\n\n\n\n<p><strong>\u00c7i\u00e7ekli Mahallesi Televizyon Tamiri<\/strong><\/p>\n\n\n\n<p><strong>\u0130ncirli Mahallesi Televizyon Tamiri<\/strong><\/p>\n\n\n\n<p><strong>A\u015fa\u011f\u0131 E\u011flence Mahallesi Televizyon Tamiri<\/strong><\/p>\n\n\n\n<p><strong>Ayval\u0131 Mahallesi Televizyon Tamiri<\/strong><\/p>\n\n\n\n<p><strong>Esertepe Mahallesi Televizyon Tamiri<\/strong><\/p>\n\n\n\n<p><strong>Etlik Mahallesi Televizyon Tamiri<\/strong><\/p>\n\n\n\n<p><strong>Ovac\u0131k Mahallesi Televizyon Tamiri<\/strong><\/p>\n\n\n\n<p><strong>Yayla Mahallesi Televizyon Tamiri<\/strong><\/p>\n\n\n\n<p><strong>Emrah Mahallesi Televizyon Tamiri<\/strong><br><br><strong>Adnan Y\u00fcksel Caddesi Televizyon Tamiri<\/strong><\/p>\n\n\n\n<h2><span id=\"Etlik_Televizyon_Tamiri-2\">Etlik Televizyon Tamiri<\/span><\/h2>\n\n\n\n<figure class=\"wp-block-image\"><img loading=\"lazy\" width=\"286\" height=\"176\" src=\"https:\/\/www.gencgrafik.com\/wp-content\/uploads\/2021\/03\/etlik-televizyon-tamiri.jpg\" alt=\"Etlik Televizyon Tamiri\" class=\"wp-image-690\"\/><figcaption>Etlik Televizyon Tamiri Tv Onar\u0131m<\/figcaption><\/figure>\n\n\n\n<p><br>Ankara\u2019da<strong>&nbsp;Ke\u00e7i\u00f6ren Etlik Led tv televizyon &nbsp;Lcd, plazma, monit\u00f6r tamir&nbsp;servis&nbsp;bak\u0131m<\/strong>&nbsp;<strong>Ke\u00e7i\u00f6ren Bilgisayar&nbsp;<\/strong>&nbsp;siz m\u00fc\u015fterilerimize daha iyi hizmet vermek i\u00e7in&nbsp;<strong>Beko,&nbsp; Ar\u00e7elik, Sony, Altus, Seg, Vestel, Samsung, LG, Panasonic, Ph\u0131l\u0131ps, Seikon, Konka, Cosmos, Premier, Toshiba, Profilo,&nbsp;&nbsp;daha bir\u00e7ok markaya servis&nbsp;hizmeti vermekteyiz.<\/strong><\/p>\n","protected":false},"excerpt":{"rendered":"<p>Etlik Televizyon Tamir Servisi\u00a0olarak; uzun y\u0131llard\u0131r\u00a0Etlik\u00a0de TV\u00a0Tamir Teknik Servis\u00a0alan\u0131nda sundu\u011fumuz hizmetlerle yer alan lider olman\u0131n yan\u0131 s\u0131ra, her zaman lider kalmay\u0131 ilke edinmi\u015f bir\u00a0servis hizmetidir.Adnan y\u00fcksel caddesi Etlik Televizyon Servisi Yaz\u0131 \u0130&ccedil;indekiler1 Etlik Tv Servisi2 Etlik Televizyon Led De\u011fi\u015fimi3 Etlik Led Tv Tamiri4 Etlik LCD Tv Tamiri5 Etlik Televizyon Anakart Tamiri6 Etlik K\u0131r\u0131k Led tv [&hellip;]<\/p>\n","protected":false},"author":1,"featured_media":0,"parent":0,"menu_order":0,"comment_status":"closed","ping_status":"closed","template":"","meta":[],"_links":{"self":[{"href":"https:\/\/www.gencgrafik.com\/index.php\/wp-json\/wp\/v2\/pages\/697"}],"collection":[{"href":"https:\/\/www.gencgrafik.com\/index.php\/wp-json\/wp\/v2\/pages"}],"about":[{"href":"https:\/\/www.gencgrafik.com\/index.php\/wp-json\/wp\/v2\/types\/page"}],"author":[{"embeddable":true,"href":"https:\/\/www.gencgrafik.com\/index.php\/wp-json\/wp\/v2\/users\/1"}],"replies":[{"embeddable":true,"href":"https:\/\/www.gencgrafik.com\/index.php\/wp-json\/wp\/v2\/comments?post=697"}],"version-history":[{"count":3,"href":"https:\/\/www.gencgrafik.com\/index.php\/wp-json\/wp\/v2\/pages\/697\/revisions"}],"predecessor-version":[{"id":706,"href":"https:\/\/www.gencgrafik.com\/index.php\/wp-json\/wp\/v2\/pages\/697\/revisions\/706"}],"wp:attachment":[{"href":"https:\/\/www.gencgrafik.com\/index.php\/wp-json\/wp\/v2\/media?parent=697"}],"curies":[{"name":"wp","href":"https:\/\/api.w.org\/{rel}","templated":true}]}}