{"id":82,"date":"2016-06-17T16:55:58","date_gmt":"2016-06-17T13:55:58","guid":{"rendered":"https:\/\/www.gencgrafik.com\/?page_id=82"},"modified":"2021-01-30T17:38:58","modified_gmt":"2021-01-30T14:38:58","slug":"foto-galeri","status":"publish","type":"page","link":"https:\/\/www.gencgrafik.com\/index.php\/foto-galeri\/","title":{"rendered":"Foto Galeri"},"content":{"rendered":"<p>Galeri b\u00f6l\u00fcm\u00fcnde network kurulumlar\u0131m\u0131zdan baz\u0131 \u00e7al\u0131\u015fmalar\u0131m\u0131za yer verilmi\u015ftir.<\/p>\n<div id='gallery-1' class='gallery galleryid-82 gallery-columns-4 gallery-size-thumbnail'><dl class='gallery-item'>\n\t\t\t<dt class='gallery-icon landscape'>\n\t\t\t\t<a href='https:\/\/www.gencgrafik.com\/wp-content\/uploads\/2021\/01\/71_23376118_1295947900509141_6210009999928794337_n.jpg'><img width=\"150\" height=\"150\" src=\"https:\/\/www.gencgrafik.com\/wp-content\/uploads\/2021\/01\/71_23376118_1295947900509141_6210009999928794337_n-150x150.jpg\" class=\"attachment-thumbnail size-thumbnail\" alt=\"\" loading=\"lazy\" \/><\/a>\n\t\t\t<\/dt><\/dl><dl class='gallery-item'>\n\t\t\t<dt class='gallery-icon portrait'>\n\t\t\t\t<a href='https:\/\/www.gencgrafik.com\/wp-content\/uploads\/2021\/01\/272_25594144_1331710670266197_2723890396712788855_n.jpg'><img width=\"150\" height=\"150\" src=\"https:\/\/www.gencgrafik.com\/wp-content\/uploads\/2021\/01\/272_25594144_1331710670266197_2723890396712788855_n-150x150.jpg\" class=\"attachment-thumbnail size-thumbnail\" alt=\"\" loading=\"lazy\" \/><\/a>\n\t\t\t<\/dt><\/dl><dl class='gallery-item'>\n\t\t\t<dt class='gallery-icon landscape'>\n\t\t\t\t<a href='https:\/\/www.gencgrafik.com\/wp-content\/uploads\/2021\/01\/1386_23319179_1295947987175799_127505465409030565_n.jpg'><img width=\"150\" height=\"150\" src=\"https:\/\/www.gencgrafik.com\/wp-content\/uploads\/2021\/01\/1386_23319179_1295947987175799_127505465409030565_n-150x150.jpg\" class=\"attachment-thumbnail size-thumbnail\" alt=\"\" loading=\"lazy\" \/><\/a>\n\t\t\t<\/dt><\/dl><dl class='gallery-item'>\n\t\t\t<dt class='gallery-icon portrait'>\n\t\t\t\t<a href='https:\/\/www.gencgrafik.com\/wp-content\/uploads\/2021\/01\/1837_21106514_1233628960074369_4551138285903805586_n.jpg'><img width=\"150\" height=\"150\" src=\"https:\/\/www.gencgrafik.com\/wp-content\/uploads\/2021\/01\/1837_21106514_1233628960074369_4551138285903805586_n-150x150.jpg\" class=\"attachment-thumbnail size-thumbnail\" alt=\"\" loading=\"lazy\" \/><\/a>\n\t\t\t<\/dt><\/dl><br style=\"clear: both\" \/><dl class='gallery-item'>\n\t\t\t<dt class='gallery-icon landscape'>\n\t\t\t\t<a href='https:\/\/www.gencgrafik.com\/wp-content\/uploads\/2021\/01\/2320_33687283_1476121635825099_611460479453233152_n.jpg'><img width=\"150\" height=\"150\" src=\"https:\/\/www.gencgrafik.com\/wp-content\/uploads\/2021\/01\/2320_33687283_1476121635825099_611460479453233152_n-150x150.jpg\" class=\"attachment-thumbnail size-thumbnail\" alt=\"\" loading=\"lazy\" \/><\/a>\n\t\t\t<\/dt><\/dl><dl class='gallery-item'>\n\t\t\t<dt class='gallery-icon landscape'>\n\t\t\t\t<a href='https:\/\/www.gencgrafik.com\/wp-content\/uploads\/2021\/01\/3436_23380241_1295947773842487_5583355120401790280_n.jpg'><img width=\"150\" height=\"150\" src=\"https:\/\/www.gencgrafik.com\/wp-content\/uploads\/2021\/01\/3436_23380241_1295947773842487_5583355120401790280_n-150x150.jpg\" class=\"attachment-thumbnail size-thumbnail\" alt=\"\" loading=\"lazy\" \/><\/a>\n\t\t\t<\/dt><\/dl><dl class='gallery-item'>\n\t\t\t<dt class='gallery-icon landscape'>\n\t\t\t\t<a href='https:\/\/www.gencgrafik.com\/wp-content\/uploads\/2021\/01\/3456_23434779_1295948000509131_6210507313709228466_n.jpg'><img width=\"150\" height=\"150\" src=\"https:\/\/www.gencgrafik.com\/wp-content\/uploads\/2021\/01\/3456_23434779_1295948000509131_6210507313709228466_n-150x150.jpg\" class=\"attachment-thumbnail size-thumbnail\" alt=\"\" loading=\"lazy\" \/><\/a>\n\t\t\t<\/dt><\/dl><dl class='gallery-item'>\n\t\t\t<dt class='gallery-icon portrait'>\n\t\t\t\t<a href='https:\/\/www.gencgrafik.com\/wp-content\/uploads\/2021\/01\/3466_33656896_1476121789158417_4388947588527685632_n.jpg'><img width=\"150\" height=\"150\" src=\"https:\/\/www.gencgrafik.com\/wp-content\/uploads\/2021\/01\/3466_33656896_1476121789158417_4388947588527685632_n-150x150.jpg\" class=\"attachment-thumbnail size-thumbnail\" alt=\"\" loading=\"lazy\" \/><\/a>\n\t\t\t<\/dt><\/dl><br style=\"clear: both\" \/><dl class='gallery-item'>\n\t\t\t<dt class='gallery-icon landscape'>\n\t\t\t\t<a href='https:\/\/www.gencgrafik.com\/wp-content\/uploads\/2021\/01\/3633_23376271_1295948057175792_9051937359735623632_n.jpg'><img width=\"150\" height=\"150\" src=\"https:\/\/www.gencgrafik.com\/wp-content\/uploads\/2021\/01\/3633_23376271_1295948057175792_9051937359735623632_n-150x150.jpg\" class=\"attachment-thumbnail size-thumbnail\" alt=\"\" loading=\"lazy\" \/><\/a>\n\t\t\t<\/dt><\/dl><dl class='gallery-item'>\n\t\t\t<dt class='gallery-icon landscape'>\n\t\t\t\t<a href='https:\/\/www.gencgrafik.com\/wp-content\/uploads\/2021\/01\/3775_23316653_1295947867175811_7294517778869972442_n.jpg'><img width=\"150\" height=\"150\" src=\"https:\/\/www.gencgrafik.com\/wp-content\/uploads\/2021\/01\/3775_23316653_1295947867175811_7294517778869972442_n-150x150.jpg\" class=\"attachment-thumbnail size-thumbnail\" alt=\"\" loading=\"lazy\" \/><\/a>\n\t\t\t<\/dt><\/dl><dl class='gallery-item'>\n\t\t\t<dt class='gallery-icon landscape'>\n\t\t\t\t<a href='https:\/\/www.gencgrafik.com\/wp-content\/uploads\/2021\/01\/4321_23379940_1295947950509136_5945578649159373660_n.jpg'><img width=\"150\" height=\"150\" src=\"https:\/\/www.gencgrafik.com\/wp-content\/uploads\/2021\/01\/4321_23379940_1295947950509136_5945578649159373660_n-150x150.jpg\" class=\"attachment-thumbnail size-thumbnail\" alt=\"\" loading=\"lazy\" \/><\/a>\n\t\t\t<\/dt><\/dl><dl class='gallery-item'>\n\t\t\t<dt class='gallery-icon landscape'>\n\t\t\t\t<a href='https:\/\/www.gencgrafik.com\/wp-content\/uploads\/2021\/01\/4635_33612528_1476122099158386_7459130846117625856_n.jpg'><img width=\"150\" height=\"150\" src=\"https:\/\/www.gencgrafik.com\/wp-content\/uploads\/2021\/01\/4635_33612528_1476122099158386_7459130846117625856_n-150x150.jpg\" class=\"attachment-thumbnail size-thumbnail\" alt=\"\" loading=\"lazy\" \/><\/a>\n\t\t\t<\/dt><\/dl><br style=\"clear: both\" \/><dl class='gallery-item'>\n\t\t\t<dt class='gallery-icon portrait'>\n\t\t\t\t<a href='https:\/\/www.gencgrafik.com\/wp-content\/uploads\/2021\/01\/5229_21078616_1233629750074290_1213700909618259145_n.jpg'><img width=\"150\" height=\"150\" src=\"https:\/\/www.gencgrafik.com\/wp-content\/uploads\/2021\/01\/5229_21078616_1233629750074290_1213700909618259145_n-150x150.jpg\" class=\"attachment-thumbnail size-thumbnail\" alt=\"\" loading=\"lazy\" \/><\/a>\n\t\t\t<\/dt><\/dl><dl class='gallery-item'>\n\t\t\t<dt class='gallery-icon landscape'>\n\t\t\t\t<a href='https:\/\/www.gencgrafik.com\/wp-content\/uploads\/2021\/01\/5624_23434810_1295947923842472_6631013771993883556_n.jpg'><img width=\"150\" height=\"150\" src=\"https:\/\/www.gencgrafik.com\/wp-content\/uploads\/2021\/01\/5624_23434810_1295947923842472_6631013771993883556_n-150x150.jpg\" class=\"attachment-thumbnail size-thumbnail\" alt=\"\" loading=\"lazy\" \/><\/a>\n\t\t\t<\/dt><\/dl><dl class='gallery-item'>\n\t\t\t<dt class='gallery-icon landscape'>\n\t\t\t\t<a href='https:\/\/www.gencgrafik.com\/wp-content\/uploads\/2021\/01\/6632_33774730_1476122032491726_2854652212309655552_n.jpg'><img width=\"150\" height=\"150\" src=\"https:\/\/www.gencgrafik.com\/wp-content\/uploads\/2021\/01\/6632_33774730_1476122032491726_2854652212309655552_n-150x150.jpg\" class=\"attachment-thumbnail size-thumbnail\" alt=\"\" loading=\"lazy\" \/><\/a>\n\t\t\t<\/dt><\/dl><dl class='gallery-item'>\n\t\t\t<dt class='gallery-icon landscape'>\n\t\t\t\t<a href='https:\/\/www.gencgrafik.com\/wp-content\/uploads\/2021\/01\/7092_25507696_1331710710266193_2039675156619314142_n.jpg'><img width=\"150\" height=\"150\" src=\"https:\/\/www.gencgrafik.com\/wp-content\/uploads\/2021\/01\/7092_25507696_1331710710266193_2039675156619314142_n-150x150.jpg\" class=\"attachment-thumbnail size-thumbnail\" alt=\"\" loading=\"lazy\" \/><\/a>\n\t\t\t<\/dt><\/dl><br style=\"clear: both\" \/><dl class='gallery-item'>\n\t\t\t<dt class='gallery-icon landscape'>\n\t\t\t\t<a href='https:\/\/www.gencgrafik.com\/wp-content\/uploads\/2021\/01\/7618_23471995_1295948030509128_3245208207100404620_n.jpg'><img width=\"150\" height=\"150\" src=\"https:\/\/www.gencgrafik.com\/wp-content\/uploads\/2021\/01\/7618_23471995_1295948030509128_3245208207100404620_n-150x150.jpg\" class=\"attachment-thumbnail size-thumbnail\" alt=\"\" loading=\"lazy\" \/><\/a>\n\t\t\t<\/dt><\/dl><dl class='gallery-item'>\n\t\t\t<dt class='gallery-icon landscape'>\n\t\t\t\t<a href='https:\/\/www.gencgrafik.com\/wp-content\/uploads\/2021\/01\/8229_23376412_1295947837175814_1914422893600371260_n.jpg'><img width=\"150\" height=\"150\" src=\"https:\/\/www.gencgrafik.com\/wp-content\/uploads\/2021\/01\/8229_23376412_1295947837175814_1914422893600371260_n-150x150.jpg\" class=\"attachment-thumbnail size-thumbnail\" alt=\"\" loading=\"lazy\" \/><\/a>\n\t\t\t<\/dt><\/dl><dl class='gallery-item'>\n\t\t\t<dt class='gallery-icon landscape'>\n\t\t\t\t<a href='https:\/\/www.gencgrafik.com\/wp-content\/uploads\/2021\/01\/9164_33815907_1476121672491762_7311280131710910464_n.jpg'><img width=\"150\" height=\"150\" src=\"https:\/\/www.gencgrafik.com\/wp-content\/uploads\/2021\/01\/9164_33815907_1476121672491762_7311280131710910464_n-150x150.jpg\" class=\"attachment-thumbnail size-thumbnail\" alt=\"\" loading=\"lazy\" \/><\/a>\n\t\t\t<\/dt><\/dl><dl class='gallery-item'>\n\t\t\t<dt class='gallery-icon landscape'>\n\t\t\t\t<a href='https:\/\/www.gencgrafik.com\/wp-content\/uploads\/2021\/01\/9431_23319211_1295947810509150_822693732185860246_n.jpg'><img width=\"150\" height=\"150\" src=\"https:\/\/www.gencgrafik.com\/wp-content\/uploads\/2021\/01\/9431_23319211_1295947810509150_822693732185860246_n-150x150.jpg\" class=\"attachment-thumbnail size-thumbnail\" alt=\"\" loading=\"lazy\" \/><\/a>\n\t\t\t<\/dt><\/dl><br style=\"clear: both\" \/>\n\t\t<\/div>\n\n","protected":false},"excerpt":{"rendered":"<p>Galeri b\u00f6l\u00fcm\u00fcnde network kurulumlar\u0131m\u0131zdan baz\u0131 \u00e7al\u0131\u015fmalar\u0131m\u0131za yer verilmi\u015ftir.<\/p>\n","protected":false},"author":1,"featured_media":0,"parent":0,"menu_order":0,"comment_status":"closed","ping_status":"closed","template":"","meta":[],"_links":{"self":[{"href":"https:\/\/www.gencgrafik.com\/index.php\/wp-json\/wp\/v2\/pages\/82"}],"collection":[{"href":"https:\/\/www.gencgrafik.com\/index.php\/wp-json\/wp\/v2\/pages"}],"about":[{"href":"https:\/\/www.gencgrafik.com\/index.php\/wp-json\/wp\/v2\/types\/page"}],"author":[{"embeddable":true,"href":"https:\/\/www.gencgrafik.com\/index.php\/wp-json\/wp\/v2\/users\/1"}],"replies":[{"embeddable":true,"href":"https:\/\/www.gencgrafik.com\/index.php\/wp-json\/wp\/v2\/comments?post=82"}],"version-history":[{"count":5,"href":"https:\/\/www.gencgrafik.com\/index.php\/wp-json\/wp\/v2\/pages\/82\/revisions"}],"predecessor-version":[{"id":472,"href":"https:\/\/www.gencgrafik.com\/index.php\/wp-json\/wp\/v2\/pages\/82\/revisions\/472"}],"wp:attachment":[{"href":"https:\/\/www.gencgrafik.com\/index.php\/wp-json\/wp\/v2\/media?parent=82"}],"curies":[{"name":"wp","href":"https:\/\/api.w.org\/{rel}","templated":true}]}}